{"id":37,"date":"2024-11-01T00:44:09","date_gmt":"2024-11-01T00:44:09","guid":{"rendered":"https:\/\/www.ifdparentsasteachers.org\/?page_id=37"},"modified":"2024-11-06T19:23:45","modified_gmt":"2024-11-06T19:23:45","slug":"partnership","status":"publish","type":"page","link":"https:\/\/www.ifdparentsasteachers.org\/es\/partnership\/","title":{"rendered":"Comunidad"},"content":{"rendered":"<blockquote class=\"wp-block-quote is-layout-flow wp-block-quote-is-layout-flow\">\n<blockquote class=\"wp-block-quote is-layout-flow wp-block-quote-is-layout-flow\">\n<h2 class=\"wp-block-heading\">Our goals can only be reached through a vehicle of a plan, in which we must fervently believe, and upon which we must vigorously act. There is no other route to success.<\/h2>\n\n\n\n<p>-Pablo Picaso<\/p>\n<\/blockquote>\n<\/blockquote>\n\n\n\n<p><\/p>\n\n\n\n<p>Las asociaciones son la clave del \u00e9xito. Vemos un valor tremendo en asociarnos con otras organizaciones e individuos que tienen el objetivo compartido de brindar apoyo a las familias en el \u00e1rea del condado de Pierce.<br>\u200b<br>Padres como Maestros del Condado de Pierce ha tenido el privilegio de asociarse con:<\/p>\n\n\n\n<ul class=\"wp-block-list\">\n<li>WIC<\/li>\n\n\n\n<li>The Pierce County Health Department<\/li>\n\n\n\n<li>Child Care Resources<\/li>\n\n\n\n<li>Black Infant Health<\/li>\n\n\n\n<li>Numerosos miembros de la comunidad, individuos y profesionales<\/li>\n<\/ul>\n\n\n\n<p>\u200b<br>En cada asociaci\u00f3n esperamos corresponder proporcionando referencias, ofreciendo conexiones grupales para mejorar los programas, ayudar a poder ofrecer a los clientes apoyo integral y brindar la oportunidad de unirse al Comit\u00e9 Asesor de PAT.<\/p>\n\n\n\n<p>Si est\u00e1 interesado en asociarse con nosotros para atender a ni\u00f1os y familias en el condado de Tacoma-Pierce, cont\u00e1ctenos. Adem\u00e1s, no dude en publicar y compartir folletos (ingl\u00e9s y espa\u00f1ol) y folletos (ingl\u00e9s) de nuestro programa. Esperamos asociarnos con usted mientras trabajamos para mejorar los resultados para las familias de nuestra comunidad.<\/p>\n\n\n\n<p>*** LINKS TO FLYERS HERE *** Make graphics to complement links.<\/p>\n\n\n\n<div class=\"wp-block-buttons is-content-justification-center is-layout-flex wp-container-core-buttons-is-layout-16018d1d wp-block-buttons-is-layout-flex\">\n<div class=\"wp-block-button\"><a class=\"wp-block-button__link wp-element-button\">Contacto<\/a><\/div>\n<\/div>\n\n\n\n<p><\/p>","protected":false},"excerpt":{"rendered":"<p>Partnerships are the key to success. We see tremendous value in partnering with other organizations and individuals who have a shared goal of providing support to families in the Pierce County area.\u200bParents as Teachers of Pierce County has had the privilege of partnering with: \u200bIn each partnership we hope to reciprocate by providing referrals, offering [&hellip;]<\/p>\n","protected":false},"author":1,"featured_media":0,"parent":0,"menu_order":0,"comment_status":"closed","ping_status":"closed","template":"","meta":{"_seopress_robots_primary_cat":"","_seopress_titles_title":"","_seopress_titles_desc":"Parents as Teachers in Pierce County collaborates to with other organizations and individuals to support families through referrals, group connections, and holistic services.","_seopress_robots_index":"","_seopress_analysis_target_kw":"","footnotes":""},"class_list":["post-37","page","type-page","status-publish","hentry"],"_links":{"self":[{"href":"https:\/\/www.ifdparentsasteachers.org\/es\/wp-json\/wp\/v2\/pages\/37","targetHints":{"allow":["GET"]}}],"collection":[{"href":"https:\/\/www.ifdparentsasteachers.org\/es\/wp-json\/wp\/v2\/pages"}],"about":[{"href":"https:\/\/www.ifdparentsasteachers.org\/es\/wp-json\/wp\/v2\/types\/page"}],"author":[{"embeddable":true,"href":"https:\/\/www.ifdparentsasteachers.org\/es\/wp-json\/wp\/v2\/users\/1"}],"replies":[{"embeddable":true,"href":"https:\/\/www.ifdparentsasteachers.org\/es\/wp-json\/wp\/v2\/comments?post=37"}],"version-history":[{"count":2,"href":"https:\/\/www.ifdparentsasteachers.org\/es\/wp-json\/wp\/v2\/pages\/37\/revisions"}],"predecessor-version":[{"id":63,"href":"https:\/\/www.ifdparentsasteachers.org\/es\/wp-json\/wp\/v2\/pages\/37\/revisions\/63"}],"wp:attachment":[{"href":"https:\/\/www.ifdparentsasteachers.org\/es\/wp-json\/wp\/v2\/media?parent=37"}],"curies":[{"name":"wp","href":"https:\/\/api.w.org\/{rel}","templated":true}]}}